{"id":13,"date":"2025-10-12T15:30:05","date_gmt":"2025-10-12T15:30:05","guid":{"rendered":"https:\/\/menuiserie-occitanie.fr\/?page_id=13"},"modified":"2025-12-31T23:52:31","modified_gmt":"2025-12-31T23:52:31","slug":"contactez-nous","status":"publish","type":"page","link":"https:\/\/menuiserie-occitanie.fr\/?page_id=13","title":{"rendered":"Demande de devis"},"content":{"rendered":"\t\t<div data-elementor-type=\"wp-page\" data-elementor-id=\"13\" class=\"elementor elementor-13\">\n\t\t\t\t<div class=\"elementor-element elementor-element-705eed2 e-flex e-con-boxed e-con e-parent\" data-id=\"705eed2\" data-element_type=\"container\">\n\t\t\t\t\t<div class=\"e-con-inner\">\n\t\t<div class=\"elementor-element elementor-element-e2f8127 e-con-full e-flex e-con e-child\" data-id=\"e2f8127\" data-element_type=\"container\">\n\t\t\t\t<div class=\"elementor-element elementor-element-cb4a4a2 elementor-widget__width-initial elementor-widget elementor-widget-text-editor\" data-id=\"cb4a4a2\" data-element_type=\"widget\" data-widget_type=\"text-editor.default\">\n\t\t\t\t\t\t\t\t\t\n   \n<section class=\"section contact\" id=\"contact\" data-anim>\n        <div class=\"container contact-inner\">\n            <div class=\"contact-text\">\n                <h2 class=\"section-title\" id=\"devis\">DEMANDER UN DEVIS<\/h2>\n                <p>D\u00e9crivez votre projet et nous vous r\u00e9pondrons dans les meilleurs d\u00e9lais.<\/p>\n            <\/div>\n\n            \n            <div class=\"contact-form-wrapper\">\n                <form method=\"POST\" class=\"contact-form\">\n                    <input type=\"text\" name=\"nom\" placeholder=\"Nom\" required>\n                    <input type=\"text\" name=\"prenom\" placeholder=\"prenom\" required>\n                    <input type=\"email\" name=\"email\" placeholder=\"Email\" required>\n                    <input type=\"tel\" name=\"telephone\" pattern=\"[0-9]{10}\" placeholder=\"0601020304\" required>\n             <label >Votre demande <span style=\"color:red\">*<\/span><\/label>\n        <select name=\"demande\" class=\"form-label\" required>\n            <option value=\"\">&#8212; S\u00e9lectionnez une option &#8212;<\/option>\n            <option value=\"information\">Demande d&rsquo;information<\/option>\n            <option value=\"devis\">Demande de devis<\/option>\n            <option value=\"autre\">Autre demande<\/option>\n        <\/select>\n\n                    <textarea name=\"message\" rows=\"4\" placeholder=\"Votre projet\"><\/textarea>\n                    <button type=\"submit\" name=\"envoyer_contact\" class=\"btn btn-gold\">ENVOYER<\/button>\n                <\/form>\n            <\/div>\n        <\/div>\n    <\/section>\n\n    \t\t\t\t\t\t\t\t<\/div>\n\t\t\t\t<\/div>\n\t\t<div class=\"elementor-element elementor-element-37c2207 e-con-full e-flex e-con e-child\" data-id=\"37c2207\" data-element_type=\"container\">\n\t\t<div class=\"elementor-element elementor-element-16d8dc7 e-con-full e-flex e-con e-child\" data-id=\"16d8dc7\" data-element_type=\"container\">\n\t\t\t\t<div class=\"elementor-element elementor-element-f0dd6df elementor-widget elementor-widget-text-editor\" data-id=\"f0dd6df\" data-element_type=\"widget\" data-widget_type=\"text-editor.default\">\n\t\t\t\t\t\t\t\t\t<center><img fetchpriority=\"high\" decoding=\"async\" class=\"alignnone wp-image-163 size-medium\" src=\"http:\/\/menuiserie-occitanie.fr\/wp-content\/uploads\/2025\/10\/cropped-hero-300x300.png\" alt=\"\" width=\"300\" height=\"300\" srcset=\"https:\/\/menuiserie-occitanie.fr\/wp-content\/uploads\/2025\/10\/cropped-hero-300x300.png 300w, https:\/\/menuiserie-occitanie.fr\/wp-content\/uploads\/2025\/10\/cropped-hero-150x150.png 150w, https:\/\/menuiserie-occitanie.fr\/wp-content\/uploads\/2025\/10\/cropped-hero-270x270.png 270w, https:\/\/menuiserie-occitanie.fr\/wp-content\/uploads\/2025\/10\/cropped-hero-192x192.png 192w, https:\/\/menuiserie-occitanie.fr\/wp-content\/uploads\/2025\/10\/cropped-hero-180x180.png 180w, https:\/\/menuiserie-occitanie.fr\/wp-content\/uploads\/2025\/10\/cropped-hero-32x32.png 32w, https:\/\/menuiserie-occitanie.fr\/wp-content\/uploads\/2025\/10\/cropped-hero.png 512w\" sizes=\"(max-width: 300px) 100vw, 300px\" \/><\/center><p>\u00a0<\/p><p>\u00a0<\/p><h2><b>N&rsquo;h\u00e9sitez pas a nous contacter :<\/b><\/h2><ul><li><h2><b>06.67.98.75.13<\/b><\/h2><\/li><\/ul><ul><li><h2><b>contact@menuiserie-occitanie.fr<\/b><\/h2><\/li><\/ul><h2><b>pour toutes informations \/ demande.<\/b><\/h2><p><br \/>\u00a0<\/p>\t\t\t\t\t\t\t\t<\/div>\n\t\t\t\t<\/div>\n\t\t\t\t<\/div>\n\t\t\t\t\t<\/div>\n\t\t\t\t<\/div>\n\t\t\t\t<\/div>\n\t\t","protected":false},"excerpt":{"rendered":"<p>\u00a0 \u00a0 N&rsquo;h\u00e9sitez pas a nous contacter : 06.67.98.75.13 contact@menuiserie-occitanie.fr pour toutes informations \/ demande. \u00a0<\/p>\n","protected":false},"author":1,"featured_media":0,"parent":0,"menu_order":0,"comment_status":"closed","ping_status":"closed","template":"","meta":{"footnotes":""},"class_list":["post-13","page","type-page","status-publish","hentry"],"_links":{"self":[{"href":"https:\/\/menuiserie-occitanie.fr\/index.php?rest_route=\/wp\/v2\/pages\/13","targetHints":{"allow":["GET"]}}],"collection":[{"href":"https:\/\/menuiserie-occitanie.fr\/index.php?rest_route=\/wp\/v2\/pages"}],"about":[{"href":"https:\/\/menuiserie-occitanie.fr\/index.php?rest_route=\/wp\/v2\/types\/page"}],"author":[{"embeddable":true,"href":"https:\/\/menuiserie-occitanie.fr\/index.php?rest_route=\/wp\/v2\/users\/1"}],"replies":[{"embeddable":true,"href":"https:\/\/menuiserie-occitanie.fr\/index.php?rest_route=%2Fwp%2Fv2%2Fcomments&post=13"}],"version-history":[{"count":47,"href":"https:\/\/menuiserie-occitanie.fr\/index.php?rest_route=\/wp\/v2\/pages\/13\/revisions"}],"predecessor-version":[{"id":275,"href":"https:\/\/menuiserie-occitanie.fr\/index.php?rest_route=\/wp\/v2\/pages\/13\/revisions\/275"}],"wp:attachment":[{"href":"https:\/\/menuiserie-occitanie.fr\/index.php?rest_route=%2Fwp%2Fv2%2Fmedia&parent=13"}],"curies":[{"name":"wp","href":"https:\/\/api.w.org\/{rel}","templated":true}]}}