{"id":212,"date":"2025-12-13T21:54:59","date_gmt":"2025-12-13T21:54:59","guid":{"rendered":"https:\/\/menuiserie-occitanie.fr\/?page_id=212"},"modified":"2026-02-01T14:32:00","modified_gmt":"2026-02-01T14:32:00","slug":"nos-services","status":"publish","type":"page","link":"https:\/\/menuiserie-occitanie.fr\/?page_id=212","title":{"rendered":"Nos Services"},"content":{"rendered":"\t\t<div data-elementor-type=\"wp-page\" data-elementor-id=\"212\" class=\"elementor elementor-212\">\n\t\t\t\t<div class=\"elementor-element elementor-element-7b2262d e-grid e-con-boxed e-con e-parent\" data-id=\"7b2262d\" data-element_type=\"container\">\n\t\t\t\t\t<div class=\"e-con-inner\">\n\t\t\t\t<div class=\"elementor-element elementor-element-8b402d5 elementor-widget elementor-widget-image\" data-id=\"8b402d5\" data-element_type=\"widget\" data-widget_type=\"image.default\">\n\t\t\t\t\t\t\t\t\t\t\t\t\t\t\t<img fetchpriority=\"high\" decoding=\"async\" width=\"1024\" height=\"749\" src=\"https:\/\/menuiserie-occitanie.fr\/wp-content\/uploads\/2025\/12\/icon-depanage.png\" class=\"attachment-large size-large wp-image-252\" alt=\"\" \/>\t\t\t\t\t\t\t\t\t\t\t\t\t\t\t<\/div>\n\t\t\t\t<div class=\"elementor-element elementor-element-3163e89 elementor-widget elementor-widget-image\" data-id=\"3163e89\" data-element_type=\"widget\" data-widget_type=\"image.default\">\n\t\t\t\t\t\t\t\t\t\t\t\t\t\t\t<img decoding=\"async\" width=\"1024\" height=\"614\" src=\"https:\/\/menuiserie-occitanie.fr\/wp-content\/uploads\/2025\/12\/icon-portail.png\" class=\"attachment-large size-large wp-image-254\" alt=\"\" srcset=\"https:\/\/menuiserie-occitanie.fr\/wp-content\/uploads\/2025\/12\/icon-portail.png 1024w, https:\/\/menuiserie-occitanie.fr\/wp-content\/uploads\/2025\/12\/icon-portail-300x180.png 300w, https:\/\/menuiserie-occitanie.fr\/wp-content\/uploads\/2025\/12\/icon-portail-768x461.png 768w\" sizes=\"(max-width: 1024px) 100vw, 1024px\" \/>\t\t\t\t\t\t\t\t\t\t\t\t\t\t\t<\/div>\n\t\t\t\t<div class=\"elementor-element elementor-element-b005b41 elementor-widget elementor-widget-image\" data-id=\"b005b41\" data-element_type=\"widget\" data-widget_type=\"image.default\">\n\t\t\t\t\t\t\t\t\t\t\t\t\t\t\t<img decoding=\"async\" width=\"1024\" height=\"568\" src=\"https:\/\/menuiserie-occitanie.fr\/wp-content\/uploads\/2025\/12\/icon-volet.png\" class=\"attachment-large size-large wp-image-256\" alt=\"\" srcset=\"https:\/\/menuiserie-occitanie.fr\/wp-content\/uploads\/2025\/12\/icon-volet.png 1024w, https:\/\/menuiserie-occitanie.fr\/wp-content\/uploads\/2025\/12\/icon-volet-300x166.png 300w, https:\/\/menuiserie-occitanie.fr\/wp-content\/uploads\/2025\/12\/icon-volet-768x426.png 768w\" sizes=\"(max-width: 1024px) 100vw, 1024px\" \/>\t\t\t\t\t\t\t\t\t\t\t\t\t\t\t<\/div>\n\t\t\t\t\t<\/div>\n\t\t\t\t<\/div>\n\t\t<div class=\"elementor-element elementor-element-170c7ad e-grid e-con-boxed e-con e-parent\" data-id=\"170c7ad\" data-element_type=\"container\">\n\t\t\t\t\t<div class=\"e-con-inner\">\n\t\t\t\t<div class=\"elementor-element elementor-element-dcb2840 elementor-widget elementor-widget-heading\" data-id=\"dcb2840\" data-element_type=\"widget\" data-widget_type=\"heading.default\">\n\t\t\t\t\t<h2 class=\"elementor-heading-title elementor-size-default\"><b><i>D\u00e9pannages sur toutes gammes.  de portail , volet, menuiserie,  pergola, stores, porte de garage.<\/i><\/b><\/h2>\t\t\t\t<\/div>\n\t\t\t\t<div class=\"elementor-element elementor-element-2355cd5 elementor-widget elementor-widget-heading\" data-id=\"2355cd5\" data-element_type=\"widget\" data-widget_type=\"heading.default\">\n\t\t\t\t\t<h2 class=\"elementor-heading-title elementor-size-default\"><i><b>Pose de portails &amp; motorisation.<\/b><\/i><\/h2>\t\t\t\t<\/div>\n\t\t\t\t<div class=\"elementor-element elementor-element-9e0937d elementor-widget elementor-widget-heading\" data-id=\"9e0937d\" data-element_type=\"widget\" data-widget_type=\"heading.default\">\n\t\t\t\t\t<h2 class=\"elementor-heading-title elementor-size-default\"><b><i>Installation de volets &amp; r\u00e9parations.<\/i><\/b><\/h2>\t\t\t\t<\/div>\n\t\t\t\t\t<\/div>\n\t\t\t\t<\/div>\n\t\t<div class=\"elementor-element elementor-element-a0df2cb e-grid e-con-boxed e-con e-parent\" data-id=\"a0df2cb\" data-element_type=\"container\">\n\t\t\t\t\t<div class=\"e-con-inner\">\n\t\t\t\t<div class=\"elementor-element elementor-element-fb9431c elementor-widget elementor-widget-image\" data-id=\"fb9431c\" data-element_type=\"widget\" data-widget_type=\"image.default\">\n\t\t\t\t\t\t\t\t\t\t\t\t\t\t\t<img loading=\"lazy\" decoding=\"async\" width=\"1024\" height=\"685\" src=\"https:\/\/menuiserie-occitanie.fr\/wp-content\/uploads\/2025\/12\/icon-fenetres.png\" class=\"attachment-large size-large wp-image-253\" alt=\"\" srcset=\"https:\/\/menuiserie-occitanie.fr\/wp-content\/uploads\/2025\/12\/icon-fenetres.png 1024w, https:\/\/menuiserie-occitanie.fr\/wp-content\/uploads\/2025\/12\/icon-fenetres-300x201.png 300w, https:\/\/menuiserie-occitanie.fr\/wp-content\/uploads\/2025\/12\/icon-fenetres-768x514.png 768w\" sizes=\"(max-width: 1024px) 100vw, 1024px\" \/>\t\t\t\t\t\t\t\t\t\t\t\t\t\t\t<\/div>\n\t\t\t\t<div class=\"elementor-element elementor-element-28a6940 elementor-widget elementor-widget-image\" data-id=\"28a6940\" data-element_type=\"widget\" data-widget_type=\"image.default\">\n\t\t\t\t\t\t\t\t\t\t\t\t\t\t\t<img loading=\"lazy\" decoding=\"async\" width=\"1024\" height=\"674\" src=\"https:\/\/menuiserie-occitanie.fr\/wp-content\/uploads\/2025\/12\/icon-tahoma.png\" class=\"attachment-large size-large wp-image-255\" alt=\"\" srcset=\"https:\/\/menuiserie-occitanie.fr\/wp-content\/uploads\/2025\/12\/icon-tahoma.png 1024w, https:\/\/menuiserie-occitanie.fr\/wp-content\/uploads\/2025\/12\/icon-tahoma-300x197.png 300w, https:\/\/menuiserie-occitanie.fr\/wp-content\/uploads\/2025\/12\/icon-tahoma-768x506.png 768w\" sizes=\"(max-width: 1024px) 100vw, 1024px\" \/>\t\t\t\t\t\t\t\t\t\t\t\t\t\t\t<\/div>\n\t\t\t\t\t<\/div>\n\t\t\t\t<\/div>\n\t\t<div class=\"elementor-element elementor-element-69bf017 e-grid e-con-boxed e-con e-parent\" data-id=\"69bf017\" data-element_type=\"container\">\n\t\t\t\t\t<div class=\"e-con-inner\">\n\t\t\t\t<div class=\"elementor-element elementor-element-e49d29e elementor-widget elementor-widget-heading\" data-id=\"e49d29e\" data-element_type=\"widget\" data-widget_type=\"heading.default\">\n\t\t\t\t\t<h2 class=\"elementor-heading-title elementor-size-default\"><b><i>Installation neuf &amp; r\u00e9novations de tous type de menuiseries.<\/i><\/b><\/h2>\t\t\t\t<\/div>\n\t\t\t\t<div class=\"elementor-element elementor-element-2938494 elementor-widget elementor-widget-heading\" data-id=\"2938494\" data-element_type=\"widget\" data-widget_type=\"heading.default\">\n\t\t\t\t\t<h2 class=\"elementor-heading-title elementor-size-default\"><b><i>Domotique &amp; \u00e9quipement connect\u00e9es.<\/i><\/b><\/h2>\t\t\t\t<\/div>\n\t\t\t\t\t<\/div>\n\t\t\t\t<\/div>\n\t\t\t\t<\/div>\n\t\t","protected":false},"excerpt":{"rendered":"<p>D\u00e9pannages sur toutes gammes. de portail , volet, menuiserie, pergola, stores, porte de garage. Pose de portails &amp; motorisation. Installation de volets &amp; r\u00e9parations. Installation neuf &amp; r\u00e9novations de tous type de menuiseries. Domotique &amp; \u00e9quipement connect\u00e9es.<\/p>\n","protected":false},"author":1,"featured_media":0,"parent":0,"menu_order":0,"comment_status":"closed","ping_status":"closed","template":"services.php","meta":{"footnotes":""},"class_list":["post-212","page","type-page","status-publish","hentry"],"_links":{"self":[{"href":"https:\/\/menuiserie-occitanie.fr\/index.php?rest_route=\/wp\/v2\/pages\/212","targetHints":{"allow":["GET"]}}],"collection":[{"href":"https:\/\/menuiserie-occitanie.fr\/index.php?rest_route=\/wp\/v2\/pages"}],"about":[{"href":"https:\/\/menuiserie-occitanie.fr\/index.php?rest_route=\/wp\/v2\/types\/page"}],"author":[{"embeddable":true,"href":"https:\/\/menuiserie-occitanie.fr\/index.php?rest_route=\/wp\/v2\/users\/1"}],"replies":[{"embeddable":true,"href":"https:\/\/menuiserie-occitanie.fr\/index.php?rest_route=%2Fwp%2Fv2%2Fcomments&post=212"}],"version-history":[{"count":17,"href":"https:\/\/menuiserie-occitanie.fr\/index.php?rest_route=\/wp\/v2\/pages\/212\/revisions"}],"predecessor-version":[{"id":277,"href":"https:\/\/menuiserie-occitanie.fr\/index.php?rest_route=\/wp\/v2\/pages\/212\/revisions\/277"}],"wp:attachment":[{"href":"https:\/\/menuiserie-occitanie.fr\/index.php?rest_route=%2Fwp%2Fv2%2Fmedia&parent=212"}],"curies":[{"name":"wp","href":"https:\/\/api.w.org\/{rel}","templated":true}]}}